{"id":30553,"date":"2020-09-24T15:13:34","date_gmt":"2020-09-24T13:13:34","guid":{"rendered":"https:\/\/www.as-moden.de\/?page_id=30553"},"modified":"2020-09-25T08:46:25","modified_gmt":"2020-09-25T06:46:25","slug":"ueber-uns","status":"publish","type":"page","link":"https:\/\/www.as-moden.de\/en\/ueber-uns\/","title":{"rendered":"About Us"},"content":{"rendered":"<div data-vc-full-width=\"true\" data-vc-full-width-init=\"false\" class=\"vc_row wpb_row vc_row-fluid vc_row-o-equal-height vc_row-o-content-middle vc_row-flex wpex-vc-row-stretched\" data-ls_id=\"#paddingboth3\" tabindex=\"-1\"><div class=\"wpb_column vc_column_container vc_col-sm-12\"><div class=\"vc_column-inner\"><div class=\"wpb_wrapper\"><div class=\"vcex-spacing wpex-w-100 wpex-clear\" style=\"height:60px;\"><\/div><h1 class=\"vcex-heading vcex-heading-plain vcex-module wpex-text-2xl wpex-font-normal wpex-m-auto wpex-max-w-100 wpex-block wpex-text-center\"><span class=\"vcex-heading-inner wpex-inline-block\">ABOUT US<\/span><\/h1><div class=\"vcex-spacing wpex-w-100 wpex-clear\" style=\"height:40px;\"><\/div><div class=\"vc_separator wpb_content_element vc_separator_align_center vc_sep_width_80 vc_sep_border_width_2 vc_sep_pos_align_center vc_separator_no_text\" ><span class=\"vc_sep_holder vc_sep_holder_l\"><span  style=\"border-color:#e6007e;\" class=\"vc_sep_line\"><\/span><\/span><span class=\"vc_sep_holder vc_sep_holder_r\"><span  style=\"border-color:#e6007e;\" class=\"vc_sep_line\"><\/span><\/span>\n<\/div><div class=\"vcex-spacing wpex-w-100 wpex-clear\" style=\"height:60px;\"><\/div><figure class=\"vcex-image vcex-module textcenter\"><div class=\"vcex-image-inner wpex-relative wpex-inline-block\"><img width=\"1280\" height=\"396\" src=\"https:\/\/www.as-moden.de\/wp-content\/uploads\/2020\/09\/ber-uns.jpg\" class=\"vcex-image-img wpex-align-middle\" alt=\"\" loading=\"lazy\" decoding=\"async\" srcset=\"https:\/\/www.as-moden.de\/wp-content\/uploads\/2020\/09\/ber-uns.jpg 1280w, https:\/\/www.as-moden.de\/wp-content\/uploads\/2020\/09\/ber-uns-300x93.jpg 300w, https:\/\/www.as-moden.de\/wp-content\/uploads\/2020\/09\/ber-uns-1024x317.jpg 1024w, https:\/\/www.as-moden.de\/wp-content\/uploads\/2020\/09\/ber-uns-768x238.jpg 768w, https:\/\/www.as-moden.de\/wp-content\/uploads\/2020\/09\/ber-uns-1536x475.jpg 1536w\" sizes=\"auto, (max-width: 1280px) 100vw, 1280px\" \/><\/div><\/figure><div class=\"vcex-spacing wpex-w-100 wpex-clear\" style=\"height:60px;\"><\/div><\/div><\/div><\/div><\/div><div class=\"vc_row-full-width vc_clearfix\"><\/div><div data-vc-full-width=\"true\" data-vc-full-width-init=\"false\" class=\"vc_row wpb_row vc_row-fluid vc_custom_1600950446247 vc_row-o-equal-height vc_row-o-content-middle vc_row-flex wpex-vc_row-has-fill wpex-vc-row-stretched\" data-ls_id=\"#paddingboth3\" tabindex=\"-1\"><div class=\"wpb_column vc_column_container vc_col-sm-12\"><div class=\"vc_column-inner\"><div class=\"wpb_wrapper\"><div class=\"vcex-spacing wpex-w-100 wpex-clear\" style=\"height:60px;\"><\/div><h2 class=\"vcex-heading vcex-heading-plain vcex-module wpex-text-2xl wpex-font-normal wpex-m-auto wpex-max-w-100 wpex-block wpex-text-center\"><span class=\"vcex-heading-inner wpex-inline-block\">The company AS Moden GmbH<\/span><\/h2><div class=\"vcex-spacing wpex-w-100 wpex-clear\" style=\"height:40px;\"><\/div><div class=\"vc_separator wpb_content_element vc_separator_align_center vc_sep_width_80 vc_sep_border_width_2 vc_sep_pos_align_center vc_separator_no_text\" ><span class=\"vc_sep_holder vc_sep_holder_l\"><span  style=\"border-color:#e6007e;\" class=\"vc_sep_line\"><\/span><\/span><span class=\"vc_sep_holder vc_sep_holder_r\"><span  style=\"border-color:#e6007e;\" class=\"vc_sep_line\"><\/span><\/span>\n<\/div><div class=\"vcex-spacing wpex-w-100 wpex-clear\" style=\"height:60px;\"><\/div>\n\t<div style=\"text-align:left;\" class=\"wpb_text_column wpb_content_element\" >\n\t\t<div class=\"wpb_wrapper\">\n\t\t\t<p>Company AS Moden GmbH based in Geislingen nearby Balingen was founded in 1995.<\/p>\n<p>Company founder Anton Schlaich established a successful medium-sized company, which has grown from a twoman team in the domestic living room. Our company is specialized in the production and the sale of safety clothing, natural clothing, sports and leisure garments for men, women and children.<\/p>\n<p>Shortly after the company has been founded, the domestic walls of the living room were no longer sufficient. Therefore the company moved into an empty factory building to handle the increasing number of orders. Especially the acquisition of the customer \u201cWaschb\u00e4r\u201c located in Freiburg, helped the small company to grow and to establish itself. As a second pillar numerous customers in the field of work and safety clothing were acquired, in particular fire departments are our customers.<\/p>\n\n\t\t<\/div>\n\t<\/div>\n<\/div><\/div><\/div><div class=\"wpb_column vc_column_container vc_col-sm-8\"><div class=\"vc_column-inner\"><div class=\"wpb_wrapper\">\n\t<div style=\"text-align:left;\" class=\"wpb_text_column wpb_content_element\" >\n\t\t<div class=\"wpb_wrapper\">\n\t\t\t<p>The company AS Moden GmbH has always been in familiy ownership. The two children Philipp and Marina are also working in the company and looking forward to further years of success. Due to a steadily increasing number of orders and employees we\u2019re moving to our new premise in Geislingen in August 2016.<\/p>\n<p>We are the right contact person, if you are looking for a realiable partner who offers individual solutions and implementation proposals. Simply contact us directly - we are pleased to advise and assist you.\u00a0<a href=\"https:\/\/www.as-moden.de\/en\/73\/\">Kontakformular<\/a>\u00a0mit uns in Verbindung.<\/p>\n\n\t\t<\/div>\n\t<\/div>\n<\/div><\/div><\/div><div class=\"wpb_column vc_column_container vc_col-sm-4\"><div class=\"vc_column-inner\"><div class=\"wpb_wrapper\"><div class=\"vcex-spacing wpex-w-100 wpex-clear visible-phone\" style=\"height:40px;\"><\/div><figure class=\"vcex-image vcex-module textcenter\"><div class=\"vcex-image-inner wpex-relative wpex-inline-block\"><img width=\"250\" height=\"297\" src=\"https:\/\/www.as-moden.de\/wp-content\/uploads\/2020\/09\/anton-schlaich.jpg\" class=\"vcex-image-img wpex-align-middle\" alt=\"\" loading=\"lazy\" decoding=\"async\" \/><\/div><\/figure>\n\t<div style=\"text-align:center;\" class=\"wpb_text_column wpb_content_element\" >\n\t\t<div class=\"wpb_wrapper\">\n\t\t\t<p><em>Unternehmensgr\u00fcnder:<br \/>\n<strong>Anton Schlaich<\/strong><\/em><\/p>\n\n\t\t<\/div>\n\t<\/div>\n<\/div><\/div><\/div><div class=\"wpb_column vc_column_container vc_col-sm-12\"><div class=\"vc_column-inner\"><div class=\"wpb_wrapper\"><div class=\"vcex-spacing wpex-w-100 wpex-clear\" style=\"height:60px;\"><\/div><\/div><\/div><\/div><\/div><div class=\"vc_row-full-width vc_clearfix\"><\/div>","protected":false},"excerpt":{"rendered":"\u00dcBER UNS Das Unternehmen AS Moden GmbH Firma AS Moden GmbH mit Sitz in Geislingen bei Balingen wurde 1995 gegr\u00fcndet. Firmengr\u00fcnder Anton Schlaich machte aus einem Zweimann Betrieb der aus dem heimischen Wohnzimmer Ware verschickte, ein erfolgreiches Mittelstandsunternehmen, dass sich vor allem auf die Herstellung und den Vertrieb von Berufs- und Schutzbekleidung, Naturbekleidung,\u00a0sowie Sport- und&hellip;","protected":false},"author":5,"featured_media":0,"parent":0,"menu_order":0,"comment_status":"closed","ping_status":"closed","template":"","meta":{"footnotes":""},"class_list":["post-30553","page","type-page","status-publish","hentry","entry","no-media"],"yoast_head":"<!-- This site is optimized with the Yoast SEO plugin v20.8 - https:\/\/yoast.com\/wordpress\/plugins\/seo\/ -->\n<title>\u00dcber uns - AS Moden<\/title>\n<meta name=\"robots\" content=\"index, follow, max-snippet:-1, max-image-preview:large, max-video-preview:-1\" \/>\n<link rel=\"canonical\" href=\"https:\/\/www.as-moden.de\/en\/ueber-uns\/\" \/>\n<meta property=\"og:locale\" content=\"en_GB\" \/>\n<meta property=\"og:type\" content=\"article\" \/>\n<meta property=\"og:title\" content=\"\u00dcber uns - AS Moden\" \/>\n<meta property=\"og:url\" content=\"https:\/\/www.as-moden.de\/en\/ueber-uns\/\" \/>\n<meta property=\"og:site_name\" content=\"AS Moden\" \/>\n<meta property=\"article:modified_time\" content=\"2020-09-25T06:46:25+00:00\" \/>\n<meta name=\"twitter:card\" content=\"summary_large_image\" \/>\n<meta name=\"twitter:label1\" content=\"Estimated reading time\" \/>\n\t<meta name=\"twitter:data1\" content=\"2 minutes\" \/>\n<script type=\"application\/ld+json\" class=\"yoast-schema-graph\">{\"@context\":\"https:\/\/schema.org\",\"@graph\":[{\"@type\":\"WebPage\",\"@id\":\"https:\/\/www.as-moden.de\/ueber-uns\/\",\"url\":\"https:\/\/www.as-moden.de\/ueber-uns\/\",\"name\":\"\u00dcber uns - AS Moden\",\"isPartOf\":{\"@id\":\"https:\/\/www.as-moden.de\/#website\"},\"datePublished\":\"2020-09-24T13:13:34+00:00\",\"dateModified\":\"2020-09-25T06:46:25+00:00\",\"breadcrumb\":{\"@id\":\"https:\/\/www.as-moden.de\/ueber-uns\/#breadcrumb\"},\"inLanguage\":\"en-GB\",\"potentialAction\":[{\"@type\":\"ReadAction\",\"target\":[\"https:\/\/www.as-moden.de\/ueber-uns\/\"]}]},{\"@type\":\"BreadcrumbList\",\"@id\":\"https:\/\/www.as-moden.de\/ueber-uns\/#breadcrumb\",\"itemListElement\":[{\"@type\":\"ListItem\",\"position\":1,\"name\":\"Startseite\",\"item\":\"https:\/\/www.as-moden.de\/\"},{\"@type\":\"ListItem\",\"position\":2,\"name\":\"\u00dcber uns\"}]},{\"@type\":\"WebSite\",\"@id\":\"https:\/\/www.as-moden.de\/#website\",\"url\":\"https:\/\/www.as-moden.de\/\",\"name\":\"AS Moden\",\"description\":\"Herzlich Willkommen\",\"publisher\":{\"@id\":\"https:\/\/www.as-moden.de\/#organization\"},\"potentialAction\":[{\"@type\":\"SearchAction\",\"target\":{\"@type\":\"EntryPoint\",\"urlTemplate\":\"https:\/\/www.as-moden.de\/?s={search_term_string}\"},\"query-input\":\"required name=search_term_string\"}],\"inLanguage\":\"en-GB\"},{\"@type\":\"Organization\",\"@id\":\"https:\/\/www.as-moden.de\/#organization\",\"name\":\"AS Moden\",\"url\":\"https:\/\/www.as-moden.de\/\",\"logo\":{\"@type\":\"ImageObject\",\"inLanguage\":\"en-GB\",\"@id\":\"https:\/\/www.as-moden.de\/#\/schema\/logo\/image\/\",\"url\":\"https:\/\/www.as-moden.de\/wp-content\/uploads\/2020\/09\/AS_Logo.png\",\"contentUrl\":\"https:\/\/www.as-moden.de\/wp-content\/uploads\/2020\/09\/AS_Logo.png\",\"width\":245,\"height\":139,\"caption\":\"AS Moden\"},\"image\":{\"@id\":\"https:\/\/www.as-moden.de\/#\/schema\/logo\/image\/\"}}]}<\/script>\n<!-- \/ Yoast SEO plugin. -->","yoast_head_json":{"title":"\u00dcber uns - AS Moden","robots":{"index":"index","follow":"follow","max-snippet":"max-snippet:-1","max-image-preview":"max-image-preview:large","max-video-preview":"max-video-preview:-1"},"canonical":"https:\/\/www.as-moden.de\/en\/ueber-uns\/","og_locale":"en_GB","og_type":"article","og_title":"\u00dcber uns - AS Moden","og_url":"https:\/\/www.as-moden.de\/en\/ueber-uns\/","og_site_name":"AS Moden","article_modified_time":"2020-09-25T06:46:25+00:00","twitter_card":"summary_large_image","twitter_misc":{"Estimated reading time":"2 minutes"},"schema":{"@context":"https:\/\/schema.org","@graph":[{"@type":"WebPage","@id":"https:\/\/www.as-moden.de\/ueber-uns\/","url":"https:\/\/www.as-moden.de\/ueber-uns\/","name":"\u00dcber uns - AS Moden","isPartOf":{"@id":"https:\/\/www.as-moden.de\/#website"},"datePublished":"2020-09-24T13:13:34+00:00","dateModified":"2020-09-25T06:46:25+00:00","breadcrumb":{"@id":"https:\/\/www.as-moden.de\/ueber-uns\/#breadcrumb"},"inLanguage":"en-GB","potentialAction":[{"@type":"ReadAction","target":["https:\/\/www.as-moden.de\/ueber-uns\/"]}]},{"@type":"BreadcrumbList","@id":"https:\/\/www.as-moden.de\/ueber-uns\/#breadcrumb","itemListElement":[{"@type":"ListItem","position":1,"name":"Startseite","item":"https:\/\/www.as-moden.de\/"},{"@type":"ListItem","position":2,"name":"\u00dcber uns"}]},{"@type":"WebSite","@id":"https:\/\/www.as-moden.de\/#website","url":"https:\/\/www.as-moden.de\/","name":"AS Moden","description":"Herzlich Willkommen","publisher":{"@id":"https:\/\/www.as-moden.de\/#organization"},"potentialAction":[{"@type":"SearchAction","target":{"@type":"EntryPoint","urlTemplate":"https:\/\/www.as-moden.de\/?s={search_term_string}"},"query-input":"required name=search_term_string"}],"inLanguage":"en-GB"},{"@type":"Organization","@id":"https:\/\/www.as-moden.de\/#organization","name":"AS Moden","url":"https:\/\/www.as-moden.de\/","logo":{"@type":"ImageObject","inLanguage":"en-GB","@id":"https:\/\/www.as-moden.de\/#\/schema\/logo\/image\/","url":"https:\/\/www.as-moden.de\/wp-content\/uploads\/2020\/09\/AS_Logo.png","contentUrl":"https:\/\/www.as-moden.de\/wp-content\/uploads\/2020\/09\/AS_Logo.png","width":245,"height":139,"caption":"AS Moden"},"image":{"@id":"https:\/\/www.as-moden.de\/#\/schema\/logo\/image\/"}}]}},"_links":{"self":[{"href":"https:\/\/www.as-moden.de\/en\/wp-json\/wp\/v2\/pages\/30553","targetHints":{"allow":["GET"]}}],"collection":[{"href":"https:\/\/www.as-moden.de\/en\/wp-json\/wp\/v2\/pages"}],"about":[{"href":"https:\/\/www.as-moden.de\/en\/wp-json\/wp\/v2\/types\/page"}],"author":[{"embeddable":true,"href":"https:\/\/www.as-moden.de\/en\/wp-json\/wp\/v2\/users\/5"}],"replies":[{"embeddable":true,"href":"https:\/\/www.as-moden.de\/en\/wp-json\/wp\/v2\/comments?post=30553"}],"version-history":[{"count":5,"href":"https:\/\/www.as-moden.de\/en\/wp-json\/wp\/v2\/pages\/30553\/revisions"}],"predecessor-version":[{"id":30626,"href":"https:\/\/www.as-moden.de\/en\/wp-json\/wp\/v2\/pages\/30553\/revisions\/30626"}],"wp:attachment":[{"href":"https:\/\/www.as-moden.de\/en\/wp-json\/wp\/v2\/media?parent=30553"}],"curies":[{"name":"wp","href":"https:\/\/api.w.org\/{rel}","templated":true}]}}