{"id":30721,"date":"2021-11-03T16:22:41","date_gmt":"2021-11-03T15:22:41","guid":{"rendered":"https:\/\/www.as-moden.de\/widerruf\/"},"modified":"2021-11-05T12:08:23","modified_gmt":"2021-11-05T11:08:23","slug":"widerruf","status":"publish","type":"page","link":"https:\/\/www.as-moden.de\/en\/widerruf\/","title":{"rendered":"Revocation"},"content":{"rendered":"<div id=\"topcontainer\" data-vc-full-width=\"true\" data-vc-full-width-init=\"false\" class=\"vc_row wpb_row vc_row-fluid vc_custom_1600960188311 vc_row-o-content-middle vc_row-flex wpex-vc_row-has-fill wpex-vc-row-stretched\" style=\"min-height:60vh;\"><div class=\"wpb_column vc_column_container vc_col-sm-12\"><div class=\"vc_column-inner\"><div class=\"wpb_wrapper\"><div class=\"vcex-spacing wpex-w-100 wpex-clear\" style=\"height:50px;\"><\/div><style>.vcex-heading.vcex_69d384424d1f3{color:#ffffff;font-size:60px;}@media (max-width:1024px){.vcex-heading.vcex_69d384424d1f3{font-size:50px;}}@media (max-width:959px){.vcex-heading.vcex_69d384424d1f3{font-size:50px;}}@media (max-width:767px){.vcex-heading.vcex_69d384424d1f3{font-size:50px;}}@media (max-width:479px){.vcex-heading.vcex_69d384424d1f3{font-size:42px;}}<\/style><h1 class=\"vcex-heading vcex-heading-plain vcex-module wpex-text-2xl wpex-font-normal wpex-m-auto wpex-max-w-100 wpex-block wpex-text-left  wpb_animate_when_almost_visible wpb_fadeInLeft fadeInLeft vcex_69d384424d1f3\"><span class=\"vcex-heading-inner wpex-inline-block\">Revocation<\/span><\/h1><\/div><\/div><\/div><\/div><div class=\"vc_row-full-width vc_clearfix\"><\/div>\n<div class=\"vc_row wpb_row vc_row-fluid\"><div class=\"wpb_column vc_column_container vc_col-sm-12\"><div class=\"vc_column-inner\"><div class=\"wpb_wrapper\"><div class=\"vcex-spacing wpex-w-100 wpex-clear\" style=\"height:60px;\"><\/div>\n\t<div class=\"wpb_text_column wpb_content_element\" >\n\t\t<div class=\"wpb_wrapper\">\n\t\t\t<p>Widerrufsrecht<\/p>\n<p>Sie haben das Recht, binnen vierzehn Tagen ohne Angabe von Gr\u00fcnden diesen Vertrag zu widerrufen.<\/p>\n<p>Die Widerrufsfrist betr\u00e4gt vierzehn Tage ab dem Tag an dem Sie oder ein von Ihnen benannter Dritter, der nicht der Bef\u00f6rderer ist, die Waren in Besitz genommen haben bzw. hat.<\/p>\n<p>Um Ihr Widerrufsrecht auszu\u00fcben, m\u00fcssen Sie uns (AS Moden GmbH, Siemensstr. 15, 72351 Geislingen, Tel.:\u00a007433 &#8211;\u00a02 26 70, Fax: 07433 &#8211; 2 72 61, E-Mail:\u00a0AS-Moden@AS-Moden.de) mittels einer eindeutigen Erkl\u00e4rung (z. B. ein mit der Post versandter Brief, Telefax oder E-Mail) \u00fcber Ihren Entschluss, diesen Vertrag zu widerrufen, informieren. Sie k\u00f6nnen daf\u00fcr das beigef\u00fcgte Muster-Widerrufsformular verwenden, das jedoch nicht vorgeschrieben ist.<\/p>\n<p>Zur Wahrung der Widerrufsfrist reicht es aus, dass Sie die Mitteilung \u00fcber die Aus\u00fcbung des Widerrufsrechts vor Ablauf der Widerrufsfrist absenden.<\/p>\n<p>Folgen des Widerrufs<\/p>\n<p>Wenn Sie diesen Vertrag widerrufen, haben wir Ihnen alle Zahlungen, die wir von Ihnen erhalten haben, einschlie\u00dflich der Lieferkosten (mit Ausnahme der zus\u00e4tzlichen Kosten, die sich daraus ergeben, dass Sie eine andere Art der Lieferung als die von uns angebotene, g\u00fcnstigste Standardlieferung gew\u00e4hlt haben), unverz\u00fcglich und sp\u00e4testens binnen vierzehn Tagen ab dem Tag zur\u00fcckzuzahlen, an dem die Mitteilung \u00fcber Ihren Widerruf dieses Vertrags bei uns eingegangen ist. F\u00fcr diese R\u00fcckzahlung verwenden wir dasselbe Zahlungsmittel, das Sie bei der urspr\u00fcnglichen Transaktion eingesetzt haben, es sei denn, mit Ihnen wurde ausdr\u00fccklich etwas anderes vereinbart; in keinem Fall werden Ihnen wegen dieser R\u00fcckzahlung Entgelte berechnet. Wir k\u00f6nnen die R\u00fcckzahlung verweigern, bis wir die Waren wieder zur\u00fcckerhalten haben oder bis Sie den Nachweis erbracht haben, dass Sie die Waren zur\u00fcckgesandt haben, je nachdem, welches der fr\u00fchere Zeitpunkt ist.<\/p>\n<p>Sie haben die Waren unverz\u00fcglich und in jedem Fall sp\u00e4testens binnen vierzehn Tagen ab dem Tag, an dem Sie uns \u00fcber den Widerruf dieses Vertrags unterrichten, an uns zur\u00fcckzusenden oder zu \u00fcbergeben. Die Frist ist gewahrt, wenn Sie die Waren vor Ablauf der Frist von vierzehn Tagen absenden.\u00a0Sie tragen die unmittelbaren Kosten der R\u00fccksendung der Waren. Sie m\u00fcssen f\u00fcr einen etwaigen Wertverlust der Waren nur aufkommen, wenn dieser Wertverlust auf einen zur Pr\u00fcfung der Beschaffenheit, Eigenschaften und Funktionsweise der Waren nicht notwendigen Umgang mit ihnen zur\u00fcckzuf\u00fchren ist.<\/p>\n\n\t\t<\/div>\n\t<\/div>\n<div class=\"vcex-spacing wpex-w-100 wpex-clear\" style=\"height:40px;\"><\/div>\n\t<div class=\"wpb_text_column wpb_content_element\" >\n\t\t<div class=\"wpb_wrapper\">\n\t\t\t<p>Widerrufsbelehrung als PDF zum Download<\/p>\n\n\t\t<\/div>\n\t<\/div>\n<div class=\"vc_icon_element vc_icon_element-outer vc_icon_element-align-left\"><div class=\"vc_icon_element-inner vc_icon_element-color-black vc_icon_element-size-md vc_icon_element-style- vc_icon_element-background-color-grey\" ><span class=\"vc_icon_element-icon fas fa-file-pdf\" ><\/span><a class=\"vc_icon_element-link\" href=\"https:\/\/ms-equestrianwear.de\/wp-content\/uploads\/2020\/07\/widerrufsbelehrung.pdf\"  title=\"\" target=\"_blank\"><\/a><\/div><\/div>\n\t<div class=\"wpb_text_column wpb_content_element\" >\n\t\t<div class=\"wpb_wrapper\">\n\t\t\t<p>Muster Widerrufsformular als PDF zum Download<\/p>\n\n\t\t<\/div>\n\t<\/div>\n<div class=\"vc_icon_element vc_icon_element-outer vc_icon_element-align-left\"><div class=\"vc_icon_element-inner vc_icon_element-color-black vc_icon_element-size-md vc_icon_element-style- vc_icon_element-background-color-grey\" ><span class=\"vc_icon_element-icon fas fa-file-pdf\" ><\/span><a class=\"vc_icon_element-link\" href=\"https:\/\/ms-equestrianwear.de\/wp-content\/uploads\/2020\/07\/muster-widerrufsformular.pdf\"  title=\"\" target=\"_blank\"><\/a><\/div><\/div><div class=\"vcex-spacing wpex-w-100 wpex-clear\" style=\"height:60px;\"><\/div><\/div><\/div><\/div><\/div>","protected":false},"excerpt":{"rendered":"Widerruf Widerrufsrecht Sie haben das Recht, binnen vierzehn Tagen ohne Angabe von Gr\u00fcnden diesen Vertrag zu widerrufen. Die Widerrufsfrist betr\u00e4gt vierzehn Tage ab dem Tag an dem Sie oder ein von Ihnen benannter Dritter, der nicht der Bef\u00f6rderer ist, die Waren in Besitz genommen haben bzw. hat. Um Ihr Widerrufsrecht auszu\u00fcben, m\u00fcssen Sie uns (AS&hellip;","protected":false},"author":5,"featured_media":0,"parent":0,"menu_order":0,"comment_status":"closed","ping_status":"closed","template":"","meta":{"footnotes":""},"class_list":["post-30721","page","type-page","status-publish","hentry","entry","no-media"],"yoast_head":"<!-- This site is optimized with the Yoast SEO plugin v20.8 - https:\/\/yoast.com\/wordpress\/plugins\/seo\/ -->\n<title>Widerruf - AS Moden<\/title>\n<meta name=\"robots\" content=\"index, follow, max-snippet:-1, max-image-preview:large, max-video-preview:-1\" \/>\n<link rel=\"canonical\" href=\"https:\/\/www.as-moden.de\/en\/widerruf\/\" \/>\n<meta property=\"og:locale\" content=\"en_GB\" \/>\n<meta property=\"og:type\" content=\"article\" \/>\n<meta property=\"og:title\" content=\"Widerruf - AS Moden\" \/>\n<meta property=\"og:url\" content=\"https:\/\/www.as-moden.de\/en\/widerruf\/\" \/>\n<meta property=\"og:site_name\" content=\"AS Moden\" \/>\n<meta property=\"article:modified_time\" content=\"2021-11-05T11:08:23+00:00\" \/>\n<meta name=\"twitter:card\" content=\"summary_large_image\" \/>\n<meta name=\"twitter:label1\" content=\"Estimated reading time\" \/>\n\t<meta name=\"twitter:data1\" content=\"3 minutes\" \/>\n<script type=\"application\/ld+json\" class=\"yoast-schema-graph\">{\"@context\":\"https:\/\/schema.org\",\"@graph\":[{\"@type\":\"WebPage\",\"@id\":\"https:\/\/www.as-moden.de\/widerruf\/\",\"url\":\"https:\/\/www.as-moden.de\/widerruf\/\",\"name\":\"Widerruf - AS Moden\",\"isPartOf\":{\"@id\":\"https:\/\/www.as-moden.de\/#website\"},\"datePublished\":\"2021-11-03T15:22:41+00:00\",\"dateModified\":\"2021-11-05T11:08:23+00:00\",\"breadcrumb\":{\"@id\":\"https:\/\/www.as-moden.de\/widerruf\/#breadcrumb\"},\"inLanguage\":\"en-GB\",\"potentialAction\":[{\"@type\":\"ReadAction\",\"target\":[\"https:\/\/www.as-moden.de\/widerruf\/\"]}]},{\"@type\":\"BreadcrumbList\",\"@id\":\"https:\/\/www.as-moden.de\/widerruf\/#breadcrumb\",\"itemListElement\":[{\"@type\":\"ListItem\",\"position\":1,\"name\":\"Startseite\",\"item\":\"https:\/\/www.as-moden.de\/\"},{\"@type\":\"ListItem\",\"position\":2,\"name\":\"Widerruf\"}]},{\"@type\":\"WebSite\",\"@id\":\"https:\/\/www.as-moden.de\/#website\",\"url\":\"https:\/\/www.as-moden.de\/\",\"name\":\"AS Moden\",\"description\":\"Herzlich Willkommen\",\"publisher\":{\"@id\":\"https:\/\/www.as-moden.de\/#organization\"},\"potentialAction\":[{\"@type\":\"SearchAction\",\"target\":{\"@type\":\"EntryPoint\",\"urlTemplate\":\"https:\/\/www.as-moden.de\/?s={search_term_string}\"},\"query-input\":\"required name=search_term_string\"}],\"inLanguage\":\"en-GB\"},{\"@type\":\"Organization\",\"@id\":\"https:\/\/www.as-moden.de\/#organization\",\"name\":\"AS Moden\",\"url\":\"https:\/\/www.as-moden.de\/\",\"logo\":{\"@type\":\"ImageObject\",\"inLanguage\":\"en-GB\",\"@id\":\"https:\/\/www.as-moden.de\/#\/schema\/logo\/image\/\",\"url\":\"https:\/\/www.as-moden.de\/wp-content\/uploads\/2020\/09\/AS_Logo.png\",\"contentUrl\":\"https:\/\/www.as-moden.de\/wp-content\/uploads\/2020\/09\/AS_Logo.png\",\"width\":245,\"height\":139,\"caption\":\"AS Moden\"},\"image\":{\"@id\":\"https:\/\/www.as-moden.de\/#\/schema\/logo\/image\/\"}}]}<\/script>\n<!-- \/ Yoast SEO plugin. -->","yoast_head_json":{"title":"Widerruf - AS Moden","robots":{"index":"index","follow":"follow","max-snippet":"max-snippet:-1","max-image-preview":"max-image-preview:large","max-video-preview":"max-video-preview:-1"},"canonical":"https:\/\/www.as-moden.de\/en\/widerruf\/","og_locale":"en_GB","og_type":"article","og_title":"Widerruf - AS Moden","og_url":"https:\/\/www.as-moden.de\/en\/widerruf\/","og_site_name":"AS Moden","article_modified_time":"2021-11-05T11:08:23+00:00","twitter_card":"summary_large_image","twitter_misc":{"Estimated reading time":"3 minutes"},"schema":{"@context":"https:\/\/schema.org","@graph":[{"@type":"WebPage","@id":"https:\/\/www.as-moden.de\/widerruf\/","url":"https:\/\/www.as-moden.de\/widerruf\/","name":"Widerruf - AS Moden","isPartOf":{"@id":"https:\/\/www.as-moden.de\/#website"},"datePublished":"2021-11-03T15:22:41+00:00","dateModified":"2021-11-05T11:08:23+00:00","breadcrumb":{"@id":"https:\/\/www.as-moden.de\/widerruf\/#breadcrumb"},"inLanguage":"en-GB","potentialAction":[{"@type":"ReadAction","target":["https:\/\/www.as-moden.de\/widerruf\/"]}]},{"@type":"BreadcrumbList","@id":"https:\/\/www.as-moden.de\/widerruf\/#breadcrumb","itemListElement":[{"@type":"ListItem","position":1,"name":"Startseite","item":"https:\/\/www.as-moden.de\/"},{"@type":"ListItem","position":2,"name":"Widerruf"}]},{"@type":"WebSite","@id":"https:\/\/www.as-moden.de\/#website","url":"https:\/\/www.as-moden.de\/","name":"AS Moden","description":"Herzlich Willkommen","publisher":{"@id":"https:\/\/www.as-moden.de\/#organization"},"potentialAction":[{"@type":"SearchAction","target":{"@type":"EntryPoint","urlTemplate":"https:\/\/www.as-moden.de\/?s={search_term_string}"},"query-input":"required name=search_term_string"}],"inLanguage":"en-GB"},{"@type":"Organization","@id":"https:\/\/www.as-moden.de\/#organization","name":"AS Moden","url":"https:\/\/www.as-moden.de\/","logo":{"@type":"ImageObject","inLanguage":"en-GB","@id":"https:\/\/www.as-moden.de\/#\/schema\/logo\/image\/","url":"https:\/\/www.as-moden.de\/wp-content\/uploads\/2020\/09\/AS_Logo.png","contentUrl":"https:\/\/www.as-moden.de\/wp-content\/uploads\/2020\/09\/AS_Logo.png","width":245,"height":139,"caption":"AS Moden"},"image":{"@id":"https:\/\/www.as-moden.de\/#\/schema\/logo\/image\/"}}]}},"_links":{"self":[{"href":"https:\/\/www.as-moden.de\/en\/wp-json\/wp\/v2\/pages\/30721","targetHints":{"allow":["GET"]}}],"collection":[{"href":"https:\/\/www.as-moden.de\/en\/wp-json\/wp\/v2\/pages"}],"about":[{"href":"https:\/\/www.as-moden.de\/en\/wp-json\/wp\/v2\/types\/page"}],"author":[{"embeddable":true,"href":"https:\/\/www.as-moden.de\/en\/wp-json\/wp\/v2\/users\/5"}],"replies":[{"embeddable":true,"href":"https:\/\/www.as-moden.de\/en\/wp-json\/wp\/v2\/comments?post=30721"}],"version-history":[{"count":2,"href":"https:\/\/www.as-moden.de\/en\/wp-json\/wp\/v2\/pages\/30721\/revisions"}],"predecessor-version":[{"id":30764,"href":"https:\/\/www.as-moden.de\/en\/wp-json\/wp\/v2\/pages\/30721\/revisions\/30764"}],"wp:attachment":[{"href":"https:\/\/www.as-moden.de\/en\/wp-json\/wp\/v2\/media?parent=30721"}],"curies":[{"name":"wp","href":"https:\/\/api.w.org\/{rel}","templated":true}]}}