{"id":30807,"date":"2022-01-28T11:37:04","date_gmt":"2022-01-28T10:37:04","guid":{"rendered":"https:\/\/www.as-moden.de\/?post_type=product&#038;p=30807"},"modified":"2023-02-02T15:58:42","modified_gmt":"2023-02-02T14:58:42","slug":"body-set","status":"publish","type":"product","link":"https:\/\/www.as-moden.de\/en\/product\/body-set\/","title":{"rendered":"Mitwachsbody-Set"},"content":{"rendered":"<ul>\n<li><span class=\"a-list-item\"> Lang\u00e4rmlige Baby Wickelbodys mit Schrittverl\u00e4ngerung im attraktiven 3er Pack &#8211; ein unverzichtbarer Bestandteil in jeder Babygarderobe! <\/span><\/li>\n<li><span class=\"a-list-item\"> Mitwachsender Body aus hochwertigem Baumwollmaterial\u00a0 f\u00fcr einen angenehmen Tragekomfort und eine flexible Passform <\/span><\/li>\n<li><span class=\"a-list-item\"> Verschluss: Druckknopf <\/span><\/li>\n<li><span class=\"a-list-item\"> 100% Baumwolle Lama; 100% Baumwolle kbA GOTS Punkte; 95% Baumwolle 5% Elasthan Dackel\u00a0<\/span><\/li>\n<li><span class=\"a-list-item\"> Dank\u00a0 dem regulierbarem Schritt (zwei Knopfreihen) w\u00e4chst der Langarmbody eine Gr\u00f6\u00dfe mit dem Baby mit <\/span><\/li>\n<li><span class=\"a-list-item\"> Praktische Druckknopfleiste an der vorderen Seite und im Schrittbereich f\u00fcr kinderleichtes An- und Ausziehen und schnelles Windelwechsel <\/span><\/li>\n<\/ul>","protected":false},"excerpt":{"rendered":"<p>Body Set<\/p>","protected":false},"featured_media":31946,"template":"","meta":[],"product_cat":[20,46],"product_tag":[],"class_list":["post-30807","product","type-product","status-publish","has-post-thumbnail","hentry","product_cat-alle-produkte","product_cat-kinder","entry","has-media"],"yoast_head":"<!-- This site is optimized with the Yoast SEO plugin v20.8 - https:\/\/yoast.com\/wordpress\/plugins\/seo\/ -->\n<title>Mitwachsbody-Set - AS Moden<\/title>\n<meta name=\"robots\" content=\"index, follow, max-snippet:-1, max-image-preview:large, max-video-preview:-1\" \/>\n<link rel=\"canonical\" href=\"https:\/\/www.as-moden.de\/en\/product\/body-set\/\" \/>\n<meta property=\"og:locale\" content=\"en_GB\" \/>\n<meta property=\"og:type\" content=\"article\" \/>\n<meta property=\"og:title\" content=\"Mitwachsbody-Set - AS Moden\" \/>\n<meta property=\"og:description\" content=\"Body Set\" \/>\n<meta property=\"og:url\" content=\"https:\/\/www.as-moden.de\/en\/product\/body-set\/\" \/>\n<meta property=\"og:site_name\" content=\"AS Moden\" \/>\n<meta property=\"article:modified_time\" content=\"2023-02-02T14:58:42+00:00\" \/>\n<meta property=\"og:image\" content=\"https:\/\/www.as-moden.de\/wp-content\/uploads\/2022\/01\/bodyset.jpg\" \/>\n\t<meta property=\"og:image:width\" content=\"800\" \/>\n\t<meta property=\"og:image:height\" content=\"800\" \/>\n\t<meta property=\"og:image:type\" content=\"image\/jpeg\" \/>\n<meta name=\"twitter:card\" content=\"summary_large_image\" \/>\n<meta name=\"twitter:label1\" content=\"Estimated reading time\" \/>\n\t<meta name=\"twitter:data1\" content=\"1 minute\" \/>\n<script type=\"application\/ld+json\" class=\"yoast-schema-graph\">{\"@context\":\"https:\/\/schema.org\",\"@graph\":[{\"@type\":\"WebPage\",\"@id\":\"https:\/\/www.as-moden.de\/produkt\/body-set\/\",\"url\":\"https:\/\/www.as-moden.de\/produkt\/body-set\/\",\"name\":\"Mitwachsbody-Set - AS Moden\",\"isPartOf\":{\"@id\":\"https:\/\/www.as-moden.de\/#website\"},\"datePublished\":\"2022-01-28T10:37:04+00:00\",\"dateModified\":\"2023-02-02T14:58:42+00:00\",\"breadcrumb\":{\"@id\":\"https:\/\/www.as-moden.de\/produkt\/body-set\/#breadcrumb\"},\"inLanguage\":\"en-GB\",\"potentialAction\":[{\"@type\":\"ReadAction\",\"target\":[\"https:\/\/www.as-moden.de\/produkt\/body-set\/\"]}]},{\"@type\":\"BreadcrumbList\",\"@id\":\"https:\/\/www.as-moden.de\/produkt\/body-set\/#breadcrumb\",\"itemListElement\":[{\"@type\":\"ListItem\",\"position\":1,\"name\":\"Startseite\",\"item\":\"https:\/\/www.as-moden.de\/\"},{\"@type\":\"ListItem\",\"position\":2,\"name\":\"Shop\",\"item\":\"https:\/\/www.as-moden.de\/shop\/\"},{\"@type\":\"ListItem\",\"position\":3,\"name\":\"Mitwachsbody-Set\"}]},{\"@type\":\"WebSite\",\"@id\":\"https:\/\/www.as-moden.de\/#website\",\"url\":\"https:\/\/www.as-moden.de\/\",\"name\":\"AS Moden\",\"description\":\"Herzlich Willkommen\",\"publisher\":{\"@id\":\"https:\/\/www.as-moden.de\/#organization\"},\"potentialAction\":[{\"@type\":\"SearchAction\",\"target\":{\"@type\":\"EntryPoint\",\"urlTemplate\":\"https:\/\/www.as-moden.de\/?s={search_term_string}\"},\"query-input\":\"required name=search_term_string\"}],\"inLanguage\":\"en-GB\"},{\"@type\":\"Organization\",\"@id\":\"https:\/\/www.as-moden.de\/#organization\",\"name\":\"AS Moden\",\"url\":\"https:\/\/www.as-moden.de\/\",\"logo\":{\"@type\":\"ImageObject\",\"inLanguage\":\"en-GB\",\"@id\":\"https:\/\/www.as-moden.de\/#\/schema\/logo\/image\/\",\"url\":\"https:\/\/www.as-moden.de\/wp-content\/uploads\/2020\/09\/AS_Logo.png\",\"contentUrl\":\"https:\/\/www.as-moden.de\/wp-content\/uploads\/2020\/09\/AS_Logo.png\",\"width\":245,\"height\":139,\"caption\":\"AS Moden\"},\"image\":{\"@id\":\"https:\/\/www.as-moden.de\/#\/schema\/logo\/image\/\"}}]}<\/script>\n<!-- \/ Yoast SEO plugin. -->","yoast_head_json":{"title":"Mitwachsbody-Set - AS Moden","robots":{"index":"index","follow":"follow","max-snippet":"max-snippet:-1","max-image-preview":"max-image-preview:large","max-video-preview":"max-video-preview:-1"},"canonical":"https:\/\/www.as-moden.de\/en\/product\/body-set\/","og_locale":"en_GB","og_type":"article","og_title":"Mitwachsbody-Set - AS Moden","og_description":"Body Set","og_url":"https:\/\/www.as-moden.de\/en\/product\/body-set\/","og_site_name":"AS Moden","article_modified_time":"2023-02-02T14:58:42+00:00","og_image":[{"width":800,"height":800,"url":"https:\/\/www.as-moden.de\/wp-content\/uploads\/2022\/01\/bodyset.jpg","type":"image\/jpeg"}],"twitter_card":"summary_large_image","twitter_misc":{"Estimated reading time":"1 minute"},"schema":{"@context":"https:\/\/schema.org","@graph":[{"@type":"WebPage","@id":"https:\/\/www.as-moden.de\/produkt\/body-set\/","url":"https:\/\/www.as-moden.de\/produkt\/body-set\/","name":"Mitwachsbody-Set - AS Moden","isPartOf":{"@id":"https:\/\/www.as-moden.de\/#website"},"datePublished":"2022-01-28T10:37:04+00:00","dateModified":"2023-02-02T14:58:42+00:00","breadcrumb":{"@id":"https:\/\/www.as-moden.de\/produkt\/body-set\/#breadcrumb"},"inLanguage":"en-GB","potentialAction":[{"@type":"ReadAction","target":["https:\/\/www.as-moden.de\/produkt\/body-set\/"]}]},{"@type":"BreadcrumbList","@id":"https:\/\/www.as-moden.de\/produkt\/body-set\/#breadcrumb","itemListElement":[{"@type":"ListItem","position":1,"name":"Startseite","item":"https:\/\/www.as-moden.de\/"},{"@type":"ListItem","position":2,"name":"Shop","item":"https:\/\/www.as-moden.de\/shop\/"},{"@type":"ListItem","position":3,"name":"Mitwachsbody-Set"}]},{"@type":"WebSite","@id":"https:\/\/www.as-moden.de\/#website","url":"https:\/\/www.as-moden.de\/","name":"AS Moden","description":"Herzlich Willkommen","publisher":{"@id":"https:\/\/www.as-moden.de\/#organization"},"potentialAction":[{"@type":"SearchAction","target":{"@type":"EntryPoint","urlTemplate":"https:\/\/www.as-moden.de\/?s={search_term_string}"},"query-input":"required name=search_term_string"}],"inLanguage":"en-GB"},{"@type":"Organization","@id":"https:\/\/www.as-moden.de\/#organization","name":"AS Moden","url":"https:\/\/www.as-moden.de\/","logo":{"@type":"ImageObject","inLanguage":"en-GB","@id":"https:\/\/www.as-moden.de\/#\/schema\/logo\/image\/","url":"https:\/\/www.as-moden.de\/wp-content\/uploads\/2020\/09\/AS_Logo.png","contentUrl":"https:\/\/www.as-moden.de\/wp-content\/uploads\/2020\/09\/AS_Logo.png","width":245,"height":139,"caption":"AS Moden"},"image":{"@id":"https:\/\/www.as-moden.de\/#\/schema\/logo\/image\/"}}]}},"_links":{"self":[{"href":"https:\/\/www.as-moden.de\/en\/wp-json\/wp\/v2\/product\/30807","targetHints":{"allow":["GET"]}}],"collection":[{"href":"https:\/\/www.as-moden.de\/en\/wp-json\/wp\/v2\/product"}],"about":[{"href":"https:\/\/www.as-moden.de\/en\/wp-json\/wp\/v2\/types\/product"}],"wp:featuredmedia":[{"embeddable":true,"href":"https:\/\/www.as-moden.de\/en\/wp-json\/wp\/v2\/media\/31946"}],"wp:attachment":[{"href":"https:\/\/www.as-moden.de\/en\/wp-json\/wp\/v2\/media?parent=30807"}],"wp:term":[{"taxonomy":"product_cat","embeddable":true,"href":"https:\/\/www.as-moden.de\/en\/wp-json\/wp\/v2\/product_cat?post=30807"},{"taxonomy":"product_tag","embeddable":true,"href":"https:\/\/www.as-moden.de\/en\/wp-json\/wp\/v2\/product_tag?post=30807"}],"curies":[{"name":"wp","href":"https:\/\/api.w.org\/{rel}","templated":true}]}}