{"id":31963,"date":"2022-02-15T12:50:07","date_gmt":"2022-02-15T11:50:07","guid":{"rendered":"https:\/\/www.as-moden.de\/?post_type=product&#038;p=31963"},"modified":"2023-06-27T10:46:24","modified_gmt":"2023-06-27T08:46:24","slug":"mitwachsbody-punkte-gots","status":"publish","type":"product","link":"https:\/\/www.as-moden.de\/en\/product\/mitwachsbody-punkte-gots\/","title":{"rendered":"Mitwachsbody Punkte GOTS"},"content":{"rendered":"<ul>\n<li><span class=\"a-list-item\"> Lang\u00e4rmlige Baby Body mit Schrittverl\u00e4ngerung &#8211;\u00a0 ein unverzichtbarer Bestandteil in jeder Babygarderobe! <\/span><\/li>\n<li><span class=\"a-list-item\"> Mitwachsender Body aus hochwertigem Baumwollmaterial\u00a0 f\u00fcr einen angenehmen Tragekomfort und eine flexible Passform <\/span><\/li>\n<li><span class=\"a-list-item\"> Verschluss: Druckknopf <\/span><\/li>\n<li><span class=\"a-list-item\">100% Baumwolle kbA GOTS<\/span><\/li>\n<li><span class=\"a-list-item\"> Dank\u00a0 dem regulierbarem Schritt (zwei Knopfreihen) w\u00e4chst der Langarmbody eine Gr\u00f6\u00dfe mit dem Baby mit <\/span><\/li>\n<li><span class=\"a-list-item\"> Praktische Druckknopfleiste an der vorderen Seite und im Schrittbereich f\u00fcr kinderleichtes An- und Ausziehen und schnelles Windelwechsel <\/span><\/li>\n<\/ul>","protected":false},"excerpt":{"rendered":"<p>Mitwachsbody<\/p>","protected":false},"featured_media":31948,"template":"","meta":[],"product_cat":[20,46],"product_tag":[],"class_list":["post-31963","product","type-product","status-publish","has-post-thumbnail","hentry","product_cat-alle-produkte","product_cat-kinder","entry","has-media"],"yoast_head":"<!-- This site is optimized with the Yoast SEO plugin v20.8 - https:\/\/yoast.com\/wordpress\/plugins\/seo\/ -->\n<title>Mitwachsbody Punkte GOTS - AS Moden<\/title>\n<meta name=\"robots\" content=\"index, follow, max-snippet:-1, max-image-preview:large, max-video-preview:-1\" \/>\n<link rel=\"canonical\" href=\"https:\/\/www.as-moden.de\/en\/product\/mitwachsbody-punkte-gots\/\" \/>\n<meta property=\"og:locale\" content=\"en_GB\" \/>\n<meta property=\"og:type\" content=\"article\" \/>\n<meta property=\"og:title\" content=\"Mitwachsbody Punkte GOTS - AS Moden\" \/>\n<meta property=\"og:description\" content=\"Mitwachsbody\" \/>\n<meta property=\"og:url\" content=\"https:\/\/www.as-moden.de\/en\/product\/mitwachsbody-punkte-gots\/\" \/>\n<meta property=\"og:site_name\" content=\"AS Moden\" \/>\n<meta property=\"article:modified_time\" content=\"2023-06-27T08:46:24+00:00\" \/>\n<meta property=\"og:image\" content=\"https:\/\/www.as-moden.de\/wp-content\/uploads\/2022\/01\/punktebody.jpg\" \/>\n\t<meta property=\"og:image:width\" content=\"800\" \/>\n\t<meta property=\"og:image:height\" content=\"800\" \/>\n\t<meta property=\"og:image:type\" content=\"image\/jpeg\" \/>\n<meta name=\"twitter:card\" content=\"summary_large_image\" \/>\n<meta name=\"twitter:label1\" content=\"Estimated reading time\" \/>\n\t<meta name=\"twitter:data1\" content=\"1 minute\" \/>\n<script type=\"application\/ld+json\" class=\"yoast-schema-graph\">{\"@context\":\"https:\/\/schema.org\",\"@graph\":[{\"@type\":\"WebPage\",\"@id\":\"https:\/\/www.as-moden.de\/produkt\/mitwachsbody-punkte-gots\/\",\"url\":\"https:\/\/www.as-moden.de\/produkt\/mitwachsbody-punkte-gots\/\",\"name\":\"Mitwachsbody Punkte GOTS - AS Moden\",\"isPartOf\":{\"@id\":\"https:\/\/www.as-moden.de\/#website\"},\"datePublished\":\"2022-02-15T11:50:07+00:00\",\"dateModified\":\"2023-06-27T08:46:24+00:00\",\"breadcrumb\":{\"@id\":\"https:\/\/www.as-moden.de\/produkt\/mitwachsbody-punkte-gots\/#breadcrumb\"},\"inLanguage\":\"en-GB\",\"potentialAction\":[{\"@type\":\"ReadAction\",\"target\":[\"https:\/\/www.as-moden.de\/produkt\/mitwachsbody-punkte-gots\/\"]}]},{\"@type\":\"BreadcrumbList\",\"@id\":\"https:\/\/www.as-moden.de\/produkt\/mitwachsbody-punkte-gots\/#breadcrumb\",\"itemListElement\":[{\"@type\":\"ListItem\",\"position\":1,\"name\":\"Startseite\",\"item\":\"https:\/\/www.as-moden.de\/\"},{\"@type\":\"ListItem\",\"position\":2,\"name\":\"Shop\",\"item\":\"https:\/\/www.as-moden.de\/shop\/\"},{\"@type\":\"ListItem\",\"position\":3,\"name\":\"Mitwachsbody Punkte GOTS\"}]},{\"@type\":\"WebSite\",\"@id\":\"https:\/\/www.as-moden.de\/#website\",\"url\":\"https:\/\/www.as-moden.de\/\",\"name\":\"AS Moden\",\"description\":\"Herzlich Willkommen\",\"publisher\":{\"@id\":\"https:\/\/www.as-moden.de\/#organization\"},\"potentialAction\":[{\"@type\":\"SearchAction\",\"target\":{\"@type\":\"EntryPoint\",\"urlTemplate\":\"https:\/\/www.as-moden.de\/?s={search_term_string}\"},\"query-input\":\"required name=search_term_string\"}],\"inLanguage\":\"en-GB\"},{\"@type\":\"Organization\",\"@id\":\"https:\/\/www.as-moden.de\/#organization\",\"name\":\"AS Moden\",\"url\":\"https:\/\/www.as-moden.de\/\",\"logo\":{\"@type\":\"ImageObject\",\"inLanguage\":\"en-GB\",\"@id\":\"https:\/\/www.as-moden.de\/#\/schema\/logo\/image\/\",\"url\":\"https:\/\/www.as-moden.de\/wp-content\/uploads\/2020\/09\/AS_Logo.png\",\"contentUrl\":\"https:\/\/www.as-moden.de\/wp-content\/uploads\/2020\/09\/AS_Logo.png\",\"width\":245,\"height\":139,\"caption\":\"AS Moden\"},\"image\":{\"@id\":\"https:\/\/www.as-moden.de\/#\/schema\/logo\/image\/\"}}]}<\/script>\n<!-- \/ Yoast SEO plugin. -->","yoast_head_json":{"title":"Mitwachsbody Punkte GOTS - AS Moden","robots":{"index":"index","follow":"follow","max-snippet":"max-snippet:-1","max-image-preview":"max-image-preview:large","max-video-preview":"max-video-preview:-1"},"canonical":"https:\/\/www.as-moden.de\/en\/product\/mitwachsbody-punkte-gots\/","og_locale":"en_GB","og_type":"article","og_title":"Mitwachsbody Punkte GOTS - AS Moden","og_description":"Mitwachsbody","og_url":"https:\/\/www.as-moden.de\/en\/product\/mitwachsbody-punkte-gots\/","og_site_name":"AS Moden","article_modified_time":"2023-06-27T08:46:24+00:00","og_image":[{"width":800,"height":800,"url":"https:\/\/www.as-moden.de\/wp-content\/uploads\/2022\/01\/punktebody.jpg","type":"image\/jpeg"}],"twitter_card":"summary_large_image","twitter_misc":{"Estimated reading time":"1 minute"},"schema":{"@context":"https:\/\/schema.org","@graph":[{"@type":"WebPage","@id":"https:\/\/www.as-moden.de\/produkt\/mitwachsbody-punkte-gots\/","url":"https:\/\/www.as-moden.de\/produkt\/mitwachsbody-punkte-gots\/","name":"Mitwachsbody Punkte GOTS - AS Moden","isPartOf":{"@id":"https:\/\/www.as-moden.de\/#website"},"datePublished":"2022-02-15T11:50:07+00:00","dateModified":"2023-06-27T08:46:24+00:00","breadcrumb":{"@id":"https:\/\/www.as-moden.de\/produkt\/mitwachsbody-punkte-gots\/#breadcrumb"},"inLanguage":"en-GB","potentialAction":[{"@type":"ReadAction","target":["https:\/\/www.as-moden.de\/produkt\/mitwachsbody-punkte-gots\/"]}]},{"@type":"BreadcrumbList","@id":"https:\/\/www.as-moden.de\/produkt\/mitwachsbody-punkte-gots\/#breadcrumb","itemListElement":[{"@type":"ListItem","position":1,"name":"Startseite","item":"https:\/\/www.as-moden.de\/"},{"@type":"ListItem","position":2,"name":"Shop","item":"https:\/\/www.as-moden.de\/shop\/"},{"@type":"ListItem","position":3,"name":"Mitwachsbody Punkte GOTS"}]},{"@type":"WebSite","@id":"https:\/\/www.as-moden.de\/#website","url":"https:\/\/www.as-moden.de\/","name":"AS Moden","description":"Herzlich Willkommen","publisher":{"@id":"https:\/\/www.as-moden.de\/#organization"},"potentialAction":[{"@type":"SearchAction","target":{"@type":"EntryPoint","urlTemplate":"https:\/\/www.as-moden.de\/?s={search_term_string}"},"query-input":"required name=search_term_string"}],"inLanguage":"en-GB"},{"@type":"Organization","@id":"https:\/\/www.as-moden.de\/#organization","name":"AS Moden","url":"https:\/\/www.as-moden.de\/","logo":{"@type":"ImageObject","inLanguage":"en-GB","@id":"https:\/\/www.as-moden.de\/#\/schema\/logo\/image\/","url":"https:\/\/www.as-moden.de\/wp-content\/uploads\/2020\/09\/AS_Logo.png","contentUrl":"https:\/\/www.as-moden.de\/wp-content\/uploads\/2020\/09\/AS_Logo.png","width":245,"height":139,"caption":"AS Moden"},"image":{"@id":"https:\/\/www.as-moden.de\/#\/schema\/logo\/image\/"}}]}},"_links":{"self":[{"href":"https:\/\/www.as-moden.de\/en\/wp-json\/wp\/v2\/product\/31963","targetHints":{"allow":["GET"]}}],"collection":[{"href":"https:\/\/www.as-moden.de\/en\/wp-json\/wp\/v2\/product"}],"about":[{"href":"https:\/\/www.as-moden.de\/en\/wp-json\/wp\/v2\/types\/product"}],"wp:featuredmedia":[{"embeddable":true,"href":"https:\/\/www.as-moden.de\/en\/wp-json\/wp\/v2\/media\/31948"}],"wp:attachment":[{"href":"https:\/\/www.as-moden.de\/en\/wp-json\/wp\/v2\/media?parent=31963"}],"wp:term":[{"taxonomy":"product_cat","embeddable":true,"href":"https:\/\/www.as-moden.de\/en\/wp-json\/wp\/v2\/product_cat?post=31963"},{"taxonomy":"product_tag","embeddable":true,"href":"https:\/\/www.as-moden.de\/en\/wp-json\/wp\/v2\/product_tag?post=31963"}],"curies":[{"name":"wp","href":"https:\/\/api.w.org\/{rel}","templated":true}]}}