{"id":31997,"date":"2022-02-15T13:18:47","date_gmt":"2022-02-15T12:18:47","guid":{"rendered":"https:\/\/www.as-moden.de\/?post_type=product&#038;p=31997"},"modified":"2022-12-23T09:51:34","modified_gmt":"2022-12-23T08:51:34","slug":"leggings-gots-2","status":"publish","type":"product","link":"https:\/\/www.as-moden.de\/en\/product\/leggings-gots-2\/","title":{"rendered":"Leggings GOTS"},"content":{"rendered":"<p>Zu Hause beim Spielen und Entspannen sowie unterwegs als w\u00e4rmende Erg\u00e4nzung machen sich unsere Leggings einfach hervorragend.<\/p>\n<p>Sie sind f\u00fcr das fantastische Tragegef\u00fchl und eine sch\u00f6ne Passform aus einem anschmiegsamen und elastischen Baumwollstoff. Damit die Kinderleggings beim Toben auch sicher sitzen, haben sie einen breiten Gummizug im Hosenbund.<\/p>\n<p>2\/2 Rippe<\/p>\n<p>95% Baumwolle kbA 5%Elasthan GOTS<\/p>\n<p>Farbe taupe passend zum Punkteset<\/p>","protected":false},"excerpt":{"rendered":"<p>Leggings GOTS<\/p>","protected":false},"featured_media":32001,"template":"","meta":[],"product_cat":[20,46],"product_tag":[],"class_list":["post-31997","product","type-product","status-publish","has-post-thumbnail","hentry","product_cat-alle-produkte","product_cat-kinder","entry","has-media"],"yoast_head":"<!-- This site is optimized with the Yoast SEO plugin v20.8 - https:\/\/yoast.com\/wordpress\/plugins\/seo\/ -->\n<title>Leggings GOTS - AS Moden<\/title>\n<meta name=\"robots\" content=\"index, follow, max-snippet:-1, max-image-preview:large, max-video-preview:-1\" \/>\n<link rel=\"canonical\" href=\"https:\/\/www.as-moden.de\/en\/product\/leggings-gots-2\/\" \/>\n<meta property=\"og:locale\" content=\"en_GB\" \/>\n<meta property=\"og:type\" content=\"article\" \/>\n<meta property=\"og:title\" content=\"Leggings GOTS - AS Moden\" \/>\n<meta property=\"og:description\" content=\"Leggings GOTS\" \/>\n<meta property=\"og:url\" content=\"https:\/\/www.as-moden.de\/en\/product\/leggings-gots-2\/\" \/>\n<meta property=\"og:site_name\" content=\"AS Moden\" \/>\n<meta property=\"article:modified_time\" content=\"2022-12-23T08:51:34+00:00\" \/>\n<meta property=\"og:image\" content=\"https:\/\/www.as-moden.de\/wp-content\/uploads\/2022\/02\/leggingstaupe1.jpg\" \/>\n\t<meta property=\"og:image:width\" content=\"800\" \/>\n\t<meta property=\"og:image:height\" content=\"800\" \/>\n\t<meta property=\"og:image:type\" content=\"image\/jpeg\" \/>\n<meta name=\"twitter:card\" content=\"summary_large_image\" \/>\n<meta name=\"twitter:label1\" content=\"Estimated reading time\" \/>\n\t<meta name=\"twitter:data1\" content=\"1 minute\" \/>\n<script type=\"application\/ld+json\" class=\"yoast-schema-graph\">{\"@context\":\"https:\/\/schema.org\",\"@graph\":[{\"@type\":\"WebPage\",\"@id\":\"https:\/\/www.as-moden.de\/produkt\/leggings-gots-2\/\",\"url\":\"https:\/\/www.as-moden.de\/produkt\/leggings-gots-2\/\",\"name\":\"Leggings GOTS - AS Moden\",\"isPartOf\":{\"@id\":\"https:\/\/www.as-moden.de\/#website\"},\"datePublished\":\"2022-02-15T12:18:47+00:00\",\"dateModified\":\"2022-12-23T08:51:34+00:00\",\"breadcrumb\":{\"@id\":\"https:\/\/www.as-moden.de\/produkt\/leggings-gots-2\/#breadcrumb\"},\"inLanguage\":\"en-GB\",\"potentialAction\":[{\"@type\":\"ReadAction\",\"target\":[\"https:\/\/www.as-moden.de\/produkt\/leggings-gots-2\/\"]}]},{\"@type\":\"BreadcrumbList\",\"@id\":\"https:\/\/www.as-moden.de\/produkt\/leggings-gots-2\/#breadcrumb\",\"itemListElement\":[{\"@type\":\"ListItem\",\"position\":1,\"name\":\"Startseite\",\"item\":\"https:\/\/www.as-moden.de\/\"},{\"@type\":\"ListItem\",\"position\":2,\"name\":\"Shop\",\"item\":\"https:\/\/www.as-moden.de\/shop\/\"},{\"@type\":\"ListItem\",\"position\":3,\"name\":\"Leggings GOTS\"}]},{\"@type\":\"WebSite\",\"@id\":\"https:\/\/www.as-moden.de\/#website\",\"url\":\"https:\/\/www.as-moden.de\/\",\"name\":\"AS Moden\",\"description\":\"Herzlich Willkommen\",\"publisher\":{\"@id\":\"https:\/\/www.as-moden.de\/#organization\"},\"potentialAction\":[{\"@type\":\"SearchAction\",\"target\":{\"@type\":\"EntryPoint\",\"urlTemplate\":\"https:\/\/www.as-moden.de\/?s={search_term_string}\"},\"query-input\":\"required name=search_term_string\"}],\"inLanguage\":\"en-GB\"},{\"@type\":\"Organization\",\"@id\":\"https:\/\/www.as-moden.de\/#organization\",\"name\":\"AS Moden\",\"url\":\"https:\/\/www.as-moden.de\/\",\"logo\":{\"@type\":\"ImageObject\",\"inLanguage\":\"en-GB\",\"@id\":\"https:\/\/www.as-moden.de\/#\/schema\/logo\/image\/\",\"url\":\"https:\/\/www.as-moden.de\/wp-content\/uploads\/2020\/09\/AS_Logo.png\",\"contentUrl\":\"https:\/\/www.as-moden.de\/wp-content\/uploads\/2020\/09\/AS_Logo.png\",\"width\":245,\"height\":139,\"caption\":\"AS Moden\"},\"image\":{\"@id\":\"https:\/\/www.as-moden.de\/#\/schema\/logo\/image\/\"}}]}<\/script>\n<!-- \/ Yoast SEO plugin. -->","yoast_head_json":{"title":"Leggings GOTS - AS Moden","robots":{"index":"index","follow":"follow","max-snippet":"max-snippet:-1","max-image-preview":"max-image-preview:large","max-video-preview":"max-video-preview:-1"},"canonical":"https:\/\/www.as-moden.de\/en\/product\/leggings-gots-2\/","og_locale":"en_GB","og_type":"article","og_title":"Leggings GOTS - AS Moden","og_description":"Leggings GOTS","og_url":"https:\/\/www.as-moden.de\/en\/product\/leggings-gots-2\/","og_site_name":"AS Moden","article_modified_time":"2022-12-23T08:51:34+00:00","og_image":[{"width":800,"height":800,"url":"https:\/\/www.as-moden.de\/wp-content\/uploads\/2022\/02\/leggingstaupe1.jpg","type":"image\/jpeg"}],"twitter_card":"summary_large_image","twitter_misc":{"Estimated reading time":"1 minute"},"schema":{"@context":"https:\/\/schema.org","@graph":[{"@type":"WebPage","@id":"https:\/\/www.as-moden.de\/produkt\/leggings-gots-2\/","url":"https:\/\/www.as-moden.de\/produkt\/leggings-gots-2\/","name":"Leggings GOTS - AS Moden","isPartOf":{"@id":"https:\/\/www.as-moden.de\/#website"},"datePublished":"2022-02-15T12:18:47+00:00","dateModified":"2022-12-23T08:51:34+00:00","breadcrumb":{"@id":"https:\/\/www.as-moden.de\/produkt\/leggings-gots-2\/#breadcrumb"},"inLanguage":"en-GB","potentialAction":[{"@type":"ReadAction","target":["https:\/\/www.as-moden.de\/produkt\/leggings-gots-2\/"]}]},{"@type":"BreadcrumbList","@id":"https:\/\/www.as-moden.de\/produkt\/leggings-gots-2\/#breadcrumb","itemListElement":[{"@type":"ListItem","position":1,"name":"Startseite","item":"https:\/\/www.as-moden.de\/"},{"@type":"ListItem","position":2,"name":"Shop","item":"https:\/\/www.as-moden.de\/shop\/"},{"@type":"ListItem","position":3,"name":"Leggings GOTS"}]},{"@type":"WebSite","@id":"https:\/\/www.as-moden.de\/#website","url":"https:\/\/www.as-moden.de\/","name":"AS Moden","description":"Herzlich Willkommen","publisher":{"@id":"https:\/\/www.as-moden.de\/#organization"},"potentialAction":[{"@type":"SearchAction","target":{"@type":"EntryPoint","urlTemplate":"https:\/\/www.as-moden.de\/?s={search_term_string}"},"query-input":"required name=search_term_string"}],"inLanguage":"en-GB"},{"@type":"Organization","@id":"https:\/\/www.as-moden.de\/#organization","name":"AS Moden","url":"https:\/\/www.as-moden.de\/","logo":{"@type":"ImageObject","inLanguage":"en-GB","@id":"https:\/\/www.as-moden.de\/#\/schema\/logo\/image\/","url":"https:\/\/www.as-moden.de\/wp-content\/uploads\/2020\/09\/AS_Logo.png","contentUrl":"https:\/\/www.as-moden.de\/wp-content\/uploads\/2020\/09\/AS_Logo.png","width":245,"height":139,"caption":"AS Moden"},"image":{"@id":"https:\/\/www.as-moden.de\/#\/schema\/logo\/image\/"}}]}},"_links":{"self":[{"href":"https:\/\/www.as-moden.de\/en\/wp-json\/wp\/v2\/product\/31997","targetHints":{"allow":["GET"]}}],"collection":[{"href":"https:\/\/www.as-moden.de\/en\/wp-json\/wp\/v2\/product"}],"about":[{"href":"https:\/\/www.as-moden.de\/en\/wp-json\/wp\/v2\/types\/product"}],"wp:featuredmedia":[{"embeddable":true,"href":"https:\/\/www.as-moden.de\/en\/wp-json\/wp\/v2\/media\/32001"}],"wp:attachment":[{"href":"https:\/\/www.as-moden.de\/en\/wp-json\/wp\/v2\/media?parent=31997"}],"wp:term":[{"taxonomy":"product_cat","embeddable":true,"href":"https:\/\/www.as-moden.de\/en\/wp-json\/wp\/v2\/product_cat?post=31997"},{"taxonomy":"product_tag","embeddable":true,"href":"https:\/\/www.as-moden.de\/en\/wp-json\/wp\/v2\/product_tag?post=31997"}],"curies":[{"name":"wp","href":"https:\/\/api.w.org\/{rel}","templated":true}]}}