{"id":32185,"date":"2022-09-27T20:47:44","date_gmt":"2022-09-27T18:47:44","guid":{"rendered":"https:\/\/www.as-moden.de\/?post_type=product&#038;p=32185"},"modified":"2023-06-27T10:47:05","modified_gmt":"2023-06-27T08:47:05","slug":"teddyoveral","status":"publish","type":"product","link":"https:\/\/www.as-moden.de\/en\/product\/teddyoveral\/","title":{"rendered":"Teddyoveral"},"content":{"rendered":"<div class=\"h5\"><\/div>\n<p>Der kuschilige Teddypl\u00fcsch Overall von AS Moden GmbH ist das perfekte Kleidungsst\u00fcck f\u00fcr die Kleinsten. Die Armb\u00fcndchen sowie die Beinb\u00fcndchen k\u00f6nnen umgeschlagen werden.<\/p>\n<p>Der Anzug bietet den perfekten Schutz in den kommenden kalten Tagen.<\/p>","protected":false},"excerpt":{"rendered":"<p>Walkoverall Dackel<\/p>","protected":false},"featured_media":32189,"template":"","meta":[],"product_cat":[20,46],"product_tag":[],"class_list":["post-32185","product","type-product","status-publish","has-post-thumbnail","hentry","product_cat-alle-produkte","product_cat-kinder","entry","has-media"],"yoast_head":"<!-- This site is optimized with the Yoast SEO plugin v20.8 - https:\/\/yoast.com\/wordpress\/plugins\/seo\/ -->\n<title>Teddyoveral - AS Moden<\/title>\n<meta name=\"robots\" content=\"index, follow, max-snippet:-1, max-image-preview:large, max-video-preview:-1\" \/>\n<link rel=\"canonical\" href=\"https:\/\/www.as-moden.de\/en\/product\/teddyoveral\/\" \/>\n<meta property=\"og:locale\" content=\"en_GB\" \/>\n<meta property=\"og:type\" content=\"article\" \/>\n<meta property=\"og:title\" content=\"Teddyoveral - AS Moden\" \/>\n<meta property=\"og:description\" content=\"Walkoverall Dackel\" \/>\n<meta property=\"og:url\" content=\"https:\/\/www.as-moden.de\/en\/product\/teddyoveral\/\" \/>\n<meta property=\"og:site_name\" content=\"AS Moden\" \/>\n<meta property=\"article:modified_time\" content=\"2023-06-27T08:47:05+00:00\" \/>\n<meta property=\"og:image\" content=\"https:\/\/www.as-moden.de\/wp-content\/uploads\/2022\/09\/a910bd68-2e42-4248-b6fb-0de67856c2a8.jpg\" \/>\n\t<meta property=\"og:image:width\" content=\"900\" \/>\n\t<meta property=\"og:image:height\" content=\"1600\" \/>\n\t<meta property=\"og:image:type\" content=\"image\/jpeg\" \/>\n<meta name=\"twitter:card\" content=\"summary_large_image\" \/>\n<meta name=\"twitter:label1\" content=\"Estimated reading time\" \/>\n\t<meta name=\"twitter:data1\" content=\"1 minute\" \/>\n<script type=\"application\/ld+json\" class=\"yoast-schema-graph\">{\"@context\":\"https:\/\/schema.org\",\"@graph\":[{\"@type\":\"WebPage\",\"@id\":\"https:\/\/www.as-moden.de\/produkt\/teddyoveral\/\",\"url\":\"https:\/\/www.as-moden.de\/produkt\/teddyoveral\/\",\"name\":\"Teddyoveral - AS Moden\",\"isPartOf\":{\"@id\":\"https:\/\/www.as-moden.de\/#website\"},\"datePublished\":\"2022-09-27T18:47:44+00:00\",\"dateModified\":\"2023-06-27T08:47:05+00:00\",\"breadcrumb\":{\"@id\":\"https:\/\/www.as-moden.de\/produkt\/teddyoveral\/#breadcrumb\"},\"inLanguage\":\"en-GB\",\"potentialAction\":[{\"@type\":\"ReadAction\",\"target\":[\"https:\/\/www.as-moden.de\/produkt\/teddyoveral\/\"]}]},{\"@type\":\"BreadcrumbList\",\"@id\":\"https:\/\/www.as-moden.de\/produkt\/teddyoveral\/#breadcrumb\",\"itemListElement\":[{\"@type\":\"ListItem\",\"position\":1,\"name\":\"Startseite\",\"item\":\"https:\/\/www.as-moden.de\/\"},{\"@type\":\"ListItem\",\"position\":2,\"name\":\"Shop\",\"item\":\"https:\/\/www.as-moden.de\/shop\/\"},{\"@type\":\"ListItem\",\"position\":3,\"name\":\"Teddyoveral\"}]},{\"@type\":\"WebSite\",\"@id\":\"https:\/\/www.as-moden.de\/#website\",\"url\":\"https:\/\/www.as-moden.de\/\",\"name\":\"AS Moden\",\"description\":\"Herzlich Willkommen\",\"publisher\":{\"@id\":\"https:\/\/www.as-moden.de\/#organization\"},\"potentialAction\":[{\"@type\":\"SearchAction\",\"target\":{\"@type\":\"EntryPoint\",\"urlTemplate\":\"https:\/\/www.as-moden.de\/?s={search_term_string}\"},\"query-input\":\"required name=search_term_string\"}],\"inLanguage\":\"en-GB\"},{\"@type\":\"Organization\",\"@id\":\"https:\/\/www.as-moden.de\/#organization\",\"name\":\"AS Moden\",\"url\":\"https:\/\/www.as-moden.de\/\",\"logo\":{\"@type\":\"ImageObject\",\"inLanguage\":\"en-GB\",\"@id\":\"https:\/\/www.as-moden.de\/#\/schema\/logo\/image\/\",\"url\":\"https:\/\/www.as-moden.de\/wp-content\/uploads\/2020\/09\/AS_Logo.png\",\"contentUrl\":\"https:\/\/www.as-moden.de\/wp-content\/uploads\/2020\/09\/AS_Logo.png\",\"width\":245,\"height\":139,\"caption\":\"AS Moden\"},\"image\":{\"@id\":\"https:\/\/www.as-moden.de\/#\/schema\/logo\/image\/\"}}]}<\/script>\n<!-- \/ Yoast SEO plugin. -->","yoast_head_json":{"title":"Teddyoveral - AS Moden","robots":{"index":"index","follow":"follow","max-snippet":"max-snippet:-1","max-image-preview":"max-image-preview:large","max-video-preview":"max-video-preview:-1"},"canonical":"https:\/\/www.as-moden.de\/en\/product\/teddyoveral\/","og_locale":"en_GB","og_type":"article","og_title":"Teddyoveral - AS Moden","og_description":"Walkoverall Dackel","og_url":"https:\/\/www.as-moden.de\/en\/product\/teddyoveral\/","og_site_name":"AS Moden","article_modified_time":"2023-06-27T08:47:05+00:00","og_image":[{"width":900,"height":1600,"url":"https:\/\/www.as-moden.de\/wp-content\/uploads\/2022\/09\/a910bd68-2e42-4248-b6fb-0de67856c2a8.jpg","type":"image\/jpeg"}],"twitter_card":"summary_large_image","twitter_misc":{"Estimated reading time":"1 minute"},"schema":{"@context":"https:\/\/schema.org","@graph":[{"@type":"WebPage","@id":"https:\/\/www.as-moden.de\/produkt\/teddyoveral\/","url":"https:\/\/www.as-moden.de\/produkt\/teddyoveral\/","name":"Teddyoveral - AS Moden","isPartOf":{"@id":"https:\/\/www.as-moden.de\/#website"},"datePublished":"2022-09-27T18:47:44+00:00","dateModified":"2023-06-27T08:47:05+00:00","breadcrumb":{"@id":"https:\/\/www.as-moden.de\/produkt\/teddyoveral\/#breadcrumb"},"inLanguage":"en-GB","potentialAction":[{"@type":"ReadAction","target":["https:\/\/www.as-moden.de\/produkt\/teddyoveral\/"]}]},{"@type":"BreadcrumbList","@id":"https:\/\/www.as-moden.de\/produkt\/teddyoveral\/#breadcrumb","itemListElement":[{"@type":"ListItem","position":1,"name":"Startseite","item":"https:\/\/www.as-moden.de\/"},{"@type":"ListItem","position":2,"name":"Shop","item":"https:\/\/www.as-moden.de\/shop\/"},{"@type":"ListItem","position":3,"name":"Teddyoveral"}]},{"@type":"WebSite","@id":"https:\/\/www.as-moden.de\/#website","url":"https:\/\/www.as-moden.de\/","name":"AS Moden","description":"Herzlich Willkommen","publisher":{"@id":"https:\/\/www.as-moden.de\/#organization"},"potentialAction":[{"@type":"SearchAction","target":{"@type":"EntryPoint","urlTemplate":"https:\/\/www.as-moden.de\/?s={search_term_string}"},"query-input":"required name=search_term_string"}],"inLanguage":"en-GB"},{"@type":"Organization","@id":"https:\/\/www.as-moden.de\/#organization","name":"AS Moden","url":"https:\/\/www.as-moden.de\/","logo":{"@type":"ImageObject","inLanguage":"en-GB","@id":"https:\/\/www.as-moden.de\/#\/schema\/logo\/image\/","url":"https:\/\/www.as-moden.de\/wp-content\/uploads\/2020\/09\/AS_Logo.png","contentUrl":"https:\/\/www.as-moden.de\/wp-content\/uploads\/2020\/09\/AS_Logo.png","width":245,"height":139,"caption":"AS Moden"},"image":{"@id":"https:\/\/www.as-moden.de\/#\/schema\/logo\/image\/"}}]}},"_links":{"self":[{"href":"https:\/\/www.as-moden.de\/en\/wp-json\/wp\/v2\/product\/32185","targetHints":{"allow":["GET"]}}],"collection":[{"href":"https:\/\/www.as-moden.de\/en\/wp-json\/wp\/v2\/product"}],"about":[{"href":"https:\/\/www.as-moden.de\/en\/wp-json\/wp\/v2\/types\/product"}],"wp:featuredmedia":[{"embeddable":true,"href":"https:\/\/www.as-moden.de\/en\/wp-json\/wp\/v2\/media\/32189"}],"wp:attachment":[{"href":"https:\/\/www.as-moden.de\/en\/wp-json\/wp\/v2\/media?parent=32185"}],"wp:term":[{"taxonomy":"product_cat","embeddable":true,"href":"https:\/\/www.as-moden.de\/en\/wp-json\/wp\/v2\/product_cat?post=32185"},{"taxonomy":"product_tag","embeddable":true,"href":"https:\/\/www.as-moden.de\/en\/wp-json\/wp\/v2\/product_tag?post=32185"}],"curies":[{"name":"wp","href":"https:\/\/api.w.org\/{rel}","templated":true}]}}